 {"id":14886,"date":"2023-12-01T12:56:42","date_gmt":"2023-12-01T10:56:42","guid":{"rendered":"https:\/\/ameda.lv\/?post_type=product&#038;p=14886"},"modified":"2026-01-19T16:52:29","modified_gmt":"2026-01-19T14:52:29","slug":"davanu-karte","status":"publish","type":"product","link":"https:\/\/ameda.lv\/en\/shop\/gift-cards\/davanu-karte\/","title":{"rendered":"D\u0101vanu karte"},"content":{"rendered":"<p data-start=\"75\" data-end=\"351\">Dr. Mauri\u0146a kl\u012bnika ir viena no Eirop\u0101 modern\u0101kaj\u0101m l\u0101zermedic\u012bnas kl\u012bnik\u0101m. Katru gadu m\u016bs apmekl\u0113 t\u016bksto\u0161iem pacientu, kuriem veicam est\u0113tikas un dermatolo\u0123ijas proced\u016bras, \u0101rst\u0113jam v\u0113nu, proktolo\u0123iskas un citas saslim\u0161anas. Pied\u0101v\u0101jam ieg\u0101d\u0101ties e-D\u0101vanu karti, kuru var\u0113siet izmantot visiem pakalpojumiem un pre\u010du pirkumiem m\u016bsu kl\u012bnik\u0101 un internetveikal\u0101 Ameda.lv. P\u0113c d\u0101vanu kartes ieg\u0101des J\u016bs to sa\u0146emsiet sav\u0101 e-past\u0101 elektroniski. Apmaksa veicama tie\u0161saist\u0113 ar bankas nor\u0113\u0137inu karti vai internetbanku. Dro\u0161us nor\u0113\u0137inus nodro\u0161ina SEB Banka.<\/p>\n<p data-start=\"75\" data-end=\"351\">D\u0101vanu kartes lieto\u0161anas noteikumi \u2013 ieg\u0101d\u0101ta internetveikal\u0101 Ameda.lv:<\/p>\n<p data-start=\"75\" data-end=\"351\">D\u0101vanu kartes der\u012bguma termi\u0146\u0161 \u2013 6 m\u0113ne\u0161i un 14 dienas no kartes ieg\u0101des br\u012b\u017ea;<\/p>\n<p data-start=\"75\" data-end=\"351\">D\u0101vanu kartes pirc\u0113jam (nevis sa\u0146\u0113m\u0113jam) ir ties\u012bbas 14 dienu laik\u0101 atteikties no d\u0101vanu kartes;<\/p>\n<p data-start=\"75\" data-end=\"351\">Uzs\u0101kot d\u0101vanu kartes izmanto\u0161anu, 14 dienu atteikuma ties\u012bbas nav sp\u0113k\u0101;<\/p>\n<p data-start=\"75\" data-end=\"351\">D\u0101vanu kartes dro\u0161\u012bbu nodro\u0161ina uz t\u0101s eso\u0161ais unik\u0101lais numurs, ko sist\u0113ma \u0123ener\u0113 autom\u0101tiski;<\/p>\n<p data-start=\"75\" data-end=\"351\">D\u0101vanu karte netiek main\u012bta pret naudu, k\u0101 ar\u012b neizmantotais atlikums netiek izmaks\u0101ts;<\/p>\n<p data-start=\"75\" data-end=\"351\">D\u0101vanu kartes bilanci iesp\u0113jams apskat\u012bt d\u0101vanu kartes bilance.<\/p>\n<p data-start=\"75\" data-end=\"351\">Izmantojot atteikuma ties\u012bbas no preces, kas apmaks\u0101ta ar d\u0101vanu karti, konkr\u0113tie l\u012bdzek\u013ci tiek atgriezti d\u0101vanu kart\u0113 citu pakalpojumu un\/vai pre\u010du ieg\u0101dei.<\/p>\n","protected":false},"excerpt":{"rendered":"<p>Dr. Mauri\u0146a kl\u012bnika ir viena no Eirop\u0101 modern\u0101kaj\u0101m l\u0101zermedic\u012bnas kl\u012bnik\u0101m. Katru gadu m\u016bs apmekl\u0113 t\u016bksto\u0161iem pacientu, kuriem veicam est\u0113tikas un dermatolo\u0123ijas proced\u016bras, \u0101rst\u0113jam v\u0113nu, proktolo\u0123iskas un citas saslim\u0161anas. Pied\u0101v\u0101jam ieg\u0101d\u0101ties e-D\u0101vanu karti, kuru var\u0113siet izmantot visiem pakalpojumiem un pre\u010du pirkumiem m\u016bsu kl\u012bnik\u0101 un internetveikal\u0101 Ameda.lv. P\u0113c d\u0101vanu kartes ieg\u0101des J\u016bs to sa\u0146emsiet sav\u0101 e-past\u0101 elektroniski. [&hellip;]<\/p>\n","protected":false},"featured_media":24822,"comment_status":"open","ping_status":"closed","template":"","meta":{"_acf_changed":false},"product_brand":[],"product_cat":[398],"product_tag":[],"class_list":{"0":"post-14886","1":"product","2":"type-product","3":"status-publish","4":"has-post-thumbnail","6":"product_cat-davanu-kartes","8":"first","9":"instock","10":"shipping-taxable","11":"purchasable","12":"product-type-pw-gift-card"},"acf":[],"yoast_head":"<!-- This site is optimized with the Yoast SEO plugin v26.5 - https:\/\/yoast.com\/wordpress\/plugins\/seo\/ -->\n<title>D\u0101vanu karte - ameda.lv<\/title>\n<meta name=\"robots\" content=\"index, follow, max-snippet:-1, max-image-preview:large, max-video-preview:-1\" \/>\n<link rel=\"canonical\" href=\"https:\/\/ameda.lv\/en\/shop\/gift-cards\/davanu-karte\/\" \/>\n<meta name=\"twitter:card\" content=\"summary_large_image\" \/>\n<meta name=\"twitter:title\" content=\"D\u0101vanu karte - ameda.lv\" \/>\n<meta name=\"twitter:description\" content=\"Dr. Mauri\u0146a kl\u012bnika ir viena no Eirop\u0101 modern\u0101kaj\u0101m l\u0101zermedic\u012bnas kl\u012bnik\u0101m. Katru gadu m\u016bs apmekl\u0113 t\u016bksto\u0161iem pacientu, kuriem veicam est\u0113tikas un dermatolo\u0123ijas proced\u016bras, \u0101rst\u0113jam v\u0113nu, proktolo\u0123iskas un citas saslim\u0161anas. Pied\u0101v\u0101jam ieg\u0101d\u0101ties e-D\u0101vanu karti, kuru var\u0113siet izmantot visiem pakalpojumiem un pre\u010du pirkumiem m\u016bsu kl\u012bnik\u0101 un internetveikal\u0101 Ameda.lv. P\u0113c d\u0101vanu kartes ieg\u0101des J\u016bs to sa\u0146emsiet sav\u0101 e-past\u0101 elektroniski. [&hellip;]\" \/>\n<meta name=\"twitter:image\" content=\"https:\/\/ameda.lv\/wp-content\/uploads\/2023\/12\/DK_amdedas_majaslapai_1.jpg\" \/>\n<meta name=\"twitter:label1\" content=\"Est. reading time\" \/>\n\t<meta name=\"twitter:data1\" content=\"2 minutes\" \/>\n<script type=\"application\/ld+json\" class=\"yoast-schema-graph\">{\"@context\":\"https:\/\/schema.org\",\"@graph\":[{\"@type\":\"WebPage\",\"@id\":\"https:\/\/ameda.lv\/en\/shop\/gift-cards\/davanu-karte\/\",\"url\":\"https:\/\/ameda.lv\/en\/shop\/gift-cards\/davanu-karte\/\",\"name\":\"D\u0101vanu karte - ameda.lv\",\"isPartOf\":{\"@id\":\"https:\/\/ameda.lv\/en\/#website\"},\"primaryImageOfPage\":{\"@id\":\"https:\/\/ameda.lv\/en\/shop\/gift-cards\/davanu-karte\/#primaryimage\"},\"image\":{\"@id\":\"https:\/\/ameda.lv\/en\/shop\/gift-cards\/davanu-karte\/#primaryimage\"},\"thumbnailUrl\":\"https:\/\/ameda.lv\/wp-content\/uploads\/2023\/12\/DK_amdedas_majaslapai_1.jpg\",\"datePublished\":\"2023-12-01T10:56:42+00:00\",\"dateModified\":\"2026-01-19T14:52:29+00:00\",\"breadcrumb\":{\"@id\":\"https:\/\/ameda.lv\/en\/shop\/gift-cards\/davanu-karte\/#breadcrumb\"},\"inLanguage\":\"en-US\",\"potentialAction\":[{\"@type\":\"ReadAction\",\"target\":[\"https:\/\/ameda.lv\/en\/shop\/gift-cards\/davanu-karte\/\"]}]},{\"@type\":\"ImageObject\",\"inLanguage\":\"en-US\",\"@id\":\"https:\/\/ameda.lv\/en\/shop\/gift-cards\/davanu-karte\/#primaryimage\",\"url\":\"https:\/\/ameda.lv\/wp-content\/uploads\/2023\/12\/DK_amdedas_majaslapai_1.jpg\",\"contentUrl\":\"https:\/\/ameda.lv\/wp-content\/uploads\/2023\/12\/DK_amdedas_majaslapai_1.jpg\",\"width\":1250,\"height\":1250},{\"@type\":\"BreadcrumbList\",\"@id\":\"https:\/\/ameda.lv\/en\/shop\/gift-cards\/davanu-karte\/#breadcrumb\",\"itemListElement\":[{\"@type\":\"ListItem\",\"position\":1,\"name\":\"Home\",\"item\":\"https:\/\/ameda.lv\/en\/\"},{\"@type\":\"ListItem\",\"position\":2,\"name\":\"Shop\",\"item\":\"https:\/\/ameda.lv\/en\/shop\/\"},{\"@type\":\"ListItem\",\"position\":3,\"name\":\"Gift cards\",\"item\":\"https:\/\/ameda.lv\/en\/products\/gift-cards\/\"},{\"@type\":\"ListItem\",\"position\":4,\"name\":\"D\u0101vanu karte\"}]},{\"@type\":\"WebSite\",\"@id\":\"https:\/\/ameda.lv\/en\/#website\",\"url\":\"https:\/\/ameda.lv\/en\/\",\"name\":\"ameda.lv\",\"description\":\"\",\"potentialAction\":[{\"@type\":\"SearchAction\",\"target\":{\"@type\":\"EntryPoint\",\"urlTemplate\":\"https:\/\/ameda.lv\/en\/?s={search_term_string}\"},\"query-input\":{\"@type\":\"PropertyValueSpecification\",\"valueRequired\":true,\"valueName\":\"search_term_string\"}}],\"inLanguage\":\"en-US\"}]}<\/script>\n<!-- \/ Yoast SEO plugin. -->","yoast_head_json":{"title":"D\u0101vanu karte - ameda.lv","robots":{"index":"index","follow":"follow","max-snippet":"max-snippet:-1","max-image-preview":"max-image-preview:large","max-video-preview":"max-video-preview:-1"},"canonical":"https:\/\/ameda.lv\/en\/shop\/gift-cards\/davanu-karte\/","twitter_card":"summary_large_image","twitter_title":"D\u0101vanu karte - ameda.lv","twitter_description":"Dr. Mauri\u0146a kl\u012bnika ir viena no Eirop\u0101 modern\u0101kaj\u0101m l\u0101zermedic\u012bnas kl\u012bnik\u0101m. Katru gadu m\u016bs apmekl\u0113 t\u016bksto\u0161iem pacientu, kuriem veicam est\u0113tikas un dermatolo\u0123ijas proced\u016bras, \u0101rst\u0113jam v\u0113nu, proktolo\u0123iskas un citas saslim\u0161anas. Pied\u0101v\u0101jam ieg\u0101d\u0101ties e-D\u0101vanu karti, kuru var\u0113siet izmantot visiem pakalpojumiem un pre\u010du pirkumiem m\u016bsu kl\u012bnik\u0101 un internetveikal\u0101 Ameda.lv. P\u0113c d\u0101vanu kartes ieg\u0101des J\u016bs to sa\u0146emsiet sav\u0101 e-past\u0101 elektroniski. [&hellip;]","twitter_image":"https:\/\/ameda.lv\/wp-content\/uploads\/2023\/12\/DK_amdedas_majaslapai_1.jpg","twitter_misc":{"Est. reading time":"2 minutes"},"schema":{"@context":"https:\/\/schema.org","@graph":[{"@type":"WebPage","@id":"https:\/\/ameda.lv\/en\/shop\/gift-cards\/davanu-karte\/","url":"https:\/\/ameda.lv\/en\/shop\/gift-cards\/davanu-karte\/","name":"D\u0101vanu karte - ameda.lv","isPartOf":{"@id":"https:\/\/ameda.lv\/en\/#website"},"primaryImageOfPage":{"@id":"https:\/\/ameda.lv\/en\/shop\/gift-cards\/davanu-karte\/#primaryimage"},"image":{"@id":"https:\/\/ameda.lv\/en\/shop\/gift-cards\/davanu-karte\/#primaryimage"},"thumbnailUrl":"https:\/\/ameda.lv\/wp-content\/uploads\/2023\/12\/DK_amdedas_majaslapai_1.jpg","datePublished":"2023-12-01T10:56:42+00:00","dateModified":"2026-01-19T14:52:29+00:00","breadcrumb":{"@id":"https:\/\/ameda.lv\/en\/shop\/gift-cards\/davanu-karte\/#breadcrumb"},"inLanguage":"en-US","potentialAction":[{"@type":"ReadAction","target":["https:\/\/ameda.lv\/en\/shop\/gift-cards\/davanu-karte\/"]}]},{"@type":"ImageObject","inLanguage":"en-US","@id":"https:\/\/ameda.lv\/en\/shop\/gift-cards\/davanu-karte\/#primaryimage","url":"https:\/\/ameda.lv\/wp-content\/uploads\/2023\/12\/DK_amdedas_majaslapai_1.jpg","contentUrl":"https:\/\/ameda.lv\/wp-content\/uploads\/2023\/12\/DK_amdedas_majaslapai_1.jpg","width":1250,"height":1250},{"@type":"BreadcrumbList","@id":"https:\/\/ameda.lv\/en\/shop\/gift-cards\/davanu-karte\/#breadcrumb","itemListElement":[{"@type":"ListItem","position":1,"name":"Home","item":"https:\/\/ameda.lv\/en\/"},{"@type":"ListItem","position":2,"name":"Shop","item":"https:\/\/ameda.lv\/en\/shop\/"},{"@type":"ListItem","position":3,"name":"Gift cards","item":"https:\/\/ameda.lv\/en\/products\/gift-cards\/"},{"@type":"ListItem","position":4,"name":"D\u0101vanu karte"}]},{"@type":"WebSite","@id":"https:\/\/ameda.lv\/en\/#website","url":"https:\/\/ameda.lv\/en\/","name":"ameda.lv","description":"","potentialAction":[{"@type":"SearchAction","target":{"@type":"EntryPoint","urlTemplate":"https:\/\/ameda.lv\/en\/?s={search_term_string}"},"query-input":{"@type":"PropertyValueSpecification","valueRequired":true,"valueName":"search_term_string"}}],"inLanguage":"en-US"}]}},"_links":{"self":[{"href":"https:\/\/ameda.lv\/en\/wp-json\/wp\/v2\/product\/14886","targetHints":{"allow":["GET"]}}],"collection":[{"href":"https:\/\/ameda.lv\/en\/wp-json\/wp\/v2\/product"}],"about":[{"href":"https:\/\/ameda.lv\/en\/wp-json\/wp\/v2\/types\/product"}],"replies":[{"embeddable":true,"href":"https:\/\/ameda.lv\/en\/wp-json\/wp\/v2\/comments?post=14886"}],"wp:featuredmedia":[{"embeddable":true,"href":"https:\/\/ameda.lv\/en\/wp-json\/wp\/v2\/media\/24822"}],"wp:attachment":[{"href":"https:\/\/ameda.lv\/en\/wp-json\/wp\/v2\/media?parent=14886"}],"wp:term":[{"taxonomy":"product_brand","embeddable":true,"href":"https:\/\/ameda.lv\/en\/wp-json\/wp\/v2\/product_brand?post=14886"},{"taxonomy":"product_cat","embeddable":true,"href":"https:\/\/ameda.lv\/en\/wp-json\/wp\/v2\/product_cat?post=14886"},{"taxonomy":"product_tag","embeddable":true,"href":"https:\/\/ameda.lv\/en\/wp-json\/wp\/v2\/product_tag?post=14886"}],"curies":[{"name":"wp","href":"https:\/\/api.w.org\/{rel}","templated":true}]}}