 {"id":15268,"date":"2024-01-03T12:28:10","date_gmt":"2024-01-03T10:28:10","guid":{"rendered":"https:\/\/ameda.lv\/?post_type=product&#038;p=15268"},"modified":"2026-04-01T08:39:49","modified_gmt":"2026-04-01T05:39:49","slug":"microfiber-shades-by-sigvaris","status":"publish","type":"product","link":"https:\/\/ameda.lv\/en\/shop\/compression-products\/compression-socks\/microfiber-shades-by-sigvaris\/","title":{"rendered":"Microfiber Shades by SIGVARIS"},"content":{"rendered":"","protected":false},"excerpt":{"rendered":"<p>Univers\u0101las profilakses kompresijas ze\u0137es ikdienai no \u0160veices ra\u017eot\u0101ja SIGVARIS.<\/p>\n<p>Kompresijas spiediens nodro\u0161ina k\u0101ju atslodzi, uzlabojot asinsriti. M\u012bkstais mikro\u0161\u0137iedras materi\u0101ls nodro\u0161ina k\u0101j\u0101m komfortu, \u0113rtumu un pat\u012bkamu saj\u016btu \u0101dai.<\/p>\n","protected":false},"featured_media":14286,"comment_status":"open","ping_status":"closed","template":"","meta":{"_acf_changed":false},"product_brand":[],"product_cat":[458,15,504,543,508,150],"product_tag":[],"class_list":{"0":"post-15268","1":"product","2":"type-product","3":"status-publish","4":"has-post-thumbnail","6":"product_cat-atlaides","7":"product_cat-kompresijas-produkti","8":"product_cat-profilaksei","9":"product_cat-celosanai","10":"product_cat-viriesiem","11":"product_cat-kompresijas-zekes","12":"pa_purngals-ar-slegtu-purngalu","14":"first","15":"instock","16":"shipping-taxable","17":"purchasable","18":"product-type-variable"},"acf":[],"yoast_head":"<!-- This site is optimized with the Yoast SEO plugin v26.5 - https:\/\/yoast.com\/wordpress\/plugins\/seo\/ -->\n<title>Microfiber Shades by SIGVARIS - ameda.lv<\/title>\n<meta name=\"description\" content=\"Modernas ce\u013cojumu un venozo saslim\u0161anu profilakses kompresijas pusgar\u0101s ze\u0137es sieviet\u0113m un v\u012brie\u0161iem ar kokvilnu, p\u0101ris.\" \/>\n<meta name=\"robots\" content=\"index, follow, max-snippet:-1, max-image-preview:large, max-video-preview:-1\" \/>\n<link rel=\"canonical\" href=\"https:\/\/ameda.lv\/en\/shop\/compression-products\/compression-socks\/microfiber-shades-by-sigvaris\/\" \/>\n<meta name=\"twitter:card\" content=\"summary_large_image\" \/>\n<meta name=\"twitter:title\" content=\"Microfiber Shades by SIGVARIS - ameda.lv\" \/>\n<meta name=\"twitter:description\" content=\"Modernas ce\u013cojumu un venozo saslim\u0161anu profilakses kompresijas pusgar\u0101s ze\u0137es sieviet\u0113m un v\u012brie\u0161iem ar kokvilnu, p\u0101ris.\" \/>\n<meta name=\"twitter:image\" content=\"https:\/\/ameda.lv\/wp-content\/uploads\/2023\/10\/productshot_chc_wellbeing_microfiber-shades_male_ad_second_royal-blue-argyle_rgb_ecne.jpg\" \/>\n<meta name=\"twitter:label1\" content=\"Est. reading time\" \/>\n\t<meta name=\"twitter:data1\" content=\"1 minute\" \/>\n<script type=\"application\/ld+json\" class=\"yoast-schema-graph\">{\"@context\":\"https:\/\/schema.org\",\"@graph\":[{\"@type\":\"WebPage\",\"@id\":\"https:\/\/ameda.lv\/en\/shop\/compression-products\/compression-socks\/microfiber-shades-by-sigvaris\/\",\"url\":\"https:\/\/ameda.lv\/en\/shop\/compression-products\/compression-socks\/microfiber-shades-by-sigvaris\/\",\"name\":\"Microfiber Shades by SIGVARIS - ameda.lv\",\"isPartOf\":{\"@id\":\"https:\/\/ameda.lv\/en\/#website\"},\"primaryImageOfPage\":{\"@id\":\"https:\/\/ameda.lv\/en\/shop\/compression-products\/compression-socks\/microfiber-shades-by-sigvaris\/#primaryimage\"},\"image\":{\"@id\":\"https:\/\/ameda.lv\/en\/shop\/compression-products\/compression-socks\/microfiber-shades-by-sigvaris\/#primaryimage\"},\"thumbnailUrl\":\"https:\/\/ameda.lv\/wp-content\/uploads\/2023\/10\/productshot_chc_wellbeing_microfiber-shades_male_ad_second_royal-blue-argyle_rgb_ecne.jpg\",\"datePublished\":\"2024-01-03T10:28:10+00:00\",\"dateModified\":\"2026-04-01T05:39:49+00:00\",\"description\":\"Modernas ce\u013cojumu un venozo saslim\u0161anu profilakses kompresijas pusgar\u0101s ze\u0137es sieviet\u0113m un v\u012brie\u0161iem ar kokvilnu, p\u0101ris.\",\"breadcrumb\":{\"@id\":\"https:\/\/ameda.lv\/en\/shop\/compression-products\/compression-socks\/microfiber-shades-by-sigvaris\/#breadcrumb\"},\"inLanguage\":\"en-US\",\"potentialAction\":[{\"@type\":\"ReadAction\",\"target\":[\"https:\/\/ameda.lv\/en\/shop\/compression-products\/compression-socks\/microfiber-shades-by-sigvaris\/\"]}]},{\"@type\":\"ImageObject\",\"inLanguage\":\"en-US\",\"@id\":\"https:\/\/ameda.lv\/en\/shop\/compression-products\/compression-socks\/microfiber-shades-by-sigvaris\/#primaryimage\",\"url\":\"https:\/\/ameda.lv\/wp-content\/uploads\/2023\/10\/productshot_chc_wellbeing_microfiber-shades_male_ad_second_royal-blue-argyle_rgb_ecne.jpg\",\"contentUrl\":\"https:\/\/ameda.lv\/wp-content\/uploads\/2023\/10\/productshot_chc_wellbeing_microfiber-shades_male_ad_second_royal-blue-argyle_rgb_ecne.jpg\",\"width\":1440,\"height\":1920,\"caption\":\"SIGVARIS Microfiber Shades Stockings\"},{\"@type\":\"BreadcrumbList\",\"@id\":\"https:\/\/ameda.lv\/en\/shop\/compression-products\/compression-socks\/microfiber-shades-by-sigvaris\/#breadcrumb\",\"itemListElement\":[{\"@type\":\"ListItem\",\"position\":1,\"name\":\"Home\",\"item\":\"https:\/\/ameda.lv\/en\/\"},{\"@type\":\"ListItem\",\"position\":2,\"name\":\"Shop\",\"item\":\"https:\/\/ameda.lv\/en\/shop\/\"},{\"@type\":\"ListItem\",\"position\":3,\"name\":\"Compression products\",\"item\":\"https:\/\/ameda.lv\/en\/products\/compression-products\/\"},{\"@type\":\"ListItem\",\"position\":4,\"name\":\"Compression socks\",\"item\":\"https:\/\/ameda.lv\/en\/products\/compression-products\/compression-socks\/\"},{\"@type\":\"ListItem\",\"position\":5,\"name\":\"Microfiber Shades by SIGVARIS\"}]},{\"@type\":\"WebSite\",\"@id\":\"https:\/\/ameda.lv\/en\/#website\",\"url\":\"https:\/\/ameda.lv\/en\/\",\"name\":\"ameda.lv\",\"description\":\"\",\"potentialAction\":[{\"@type\":\"SearchAction\",\"target\":{\"@type\":\"EntryPoint\",\"urlTemplate\":\"https:\/\/ameda.lv\/en\/?s={search_term_string}\"},\"query-input\":{\"@type\":\"PropertyValueSpecification\",\"valueRequired\":true,\"valueName\":\"search_term_string\"}}],\"inLanguage\":\"en-US\"}]}<\/script>\n<!-- \/ Yoast SEO plugin. -->","yoast_head_json":{"title":"Microfiber Shades by SIGVARIS - ameda.lv","description":"Modernas ce\u013cojumu un venozo saslim\u0161anu profilakses kompresijas pusgar\u0101s ze\u0137es sieviet\u0113m un v\u012brie\u0161iem ar kokvilnu, p\u0101ris.","robots":{"index":"index","follow":"follow","max-snippet":"max-snippet:-1","max-image-preview":"max-image-preview:large","max-video-preview":"max-video-preview:-1"},"canonical":"https:\/\/ameda.lv\/en\/shop\/compression-products\/compression-socks\/microfiber-shades-by-sigvaris\/","twitter_card":"summary_large_image","twitter_title":"Microfiber Shades by SIGVARIS - ameda.lv","twitter_description":"Modernas ce\u013cojumu un venozo saslim\u0161anu profilakses kompresijas pusgar\u0101s ze\u0137es sieviet\u0113m un v\u012brie\u0161iem ar kokvilnu, p\u0101ris.","twitter_image":"https:\/\/ameda.lv\/wp-content\/uploads\/2023\/10\/productshot_chc_wellbeing_microfiber-shades_male_ad_second_royal-blue-argyle_rgb_ecne.jpg","twitter_misc":{"Est. reading time":"1 minute"},"schema":{"@context":"https:\/\/schema.org","@graph":[{"@type":"WebPage","@id":"https:\/\/ameda.lv\/en\/shop\/compression-products\/compression-socks\/microfiber-shades-by-sigvaris\/","url":"https:\/\/ameda.lv\/en\/shop\/compression-products\/compression-socks\/microfiber-shades-by-sigvaris\/","name":"Microfiber Shades by SIGVARIS - ameda.lv","isPartOf":{"@id":"https:\/\/ameda.lv\/en\/#website"},"primaryImageOfPage":{"@id":"https:\/\/ameda.lv\/en\/shop\/compression-products\/compression-socks\/microfiber-shades-by-sigvaris\/#primaryimage"},"image":{"@id":"https:\/\/ameda.lv\/en\/shop\/compression-products\/compression-socks\/microfiber-shades-by-sigvaris\/#primaryimage"},"thumbnailUrl":"https:\/\/ameda.lv\/wp-content\/uploads\/2023\/10\/productshot_chc_wellbeing_microfiber-shades_male_ad_second_royal-blue-argyle_rgb_ecne.jpg","datePublished":"2024-01-03T10:28:10+00:00","dateModified":"2026-04-01T05:39:49+00:00","description":"Modernas ce\u013cojumu un venozo saslim\u0161anu profilakses kompresijas pusgar\u0101s ze\u0137es sieviet\u0113m un v\u012brie\u0161iem ar kokvilnu, p\u0101ris.","breadcrumb":{"@id":"https:\/\/ameda.lv\/en\/shop\/compression-products\/compression-socks\/microfiber-shades-by-sigvaris\/#breadcrumb"},"inLanguage":"en-US","potentialAction":[{"@type":"ReadAction","target":["https:\/\/ameda.lv\/en\/shop\/compression-products\/compression-socks\/microfiber-shades-by-sigvaris\/"]}]},{"@type":"ImageObject","inLanguage":"en-US","@id":"https:\/\/ameda.lv\/en\/shop\/compression-products\/compression-socks\/microfiber-shades-by-sigvaris\/#primaryimage","url":"https:\/\/ameda.lv\/wp-content\/uploads\/2023\/10\/productshot_chc_wellbeing_microfiber-shades_male_ad_second_royal-blue-argyle_rgb_ecne.jpg","contentUrl":"https:\/\/ameda.lv\/wp-content\/uploads\/2023\/10\/productshot_chc_wellbeing_microfiber-shades_male_ad_second_royal-blue-argyle_rgb_ecne.jpg","width":1440,"height":1920,"caption":"SIGVARIS Microfiber Shades Stockings"},{"@type":"BreadcrumbList","@id":"https:\/\/ameda.lv\/en\/shop\/compression-products\/compression-socks\/microfiber-shades-by-sigvaris\/#breadcrumb","itemListElement":[{"@type":"ListItem","position":1,"name":"Home","item":"https:\/\/ameda.lv\/en\/"},{"@type":"ListItem","position":2,"name":"Shop","item":"https:\/\/ameda.lv\/en\/shop\/"},{"@type":"ListItem","position":3,"name":"Compression products","item":"https:\/\/ameda.lv\/en\/products\/compression-products\/"},{"@type":"ListItem","position":4,"name":"Compression socks","item":"https:\/\/ameda.lv\/en\/products\/compression-products\/compression-socks\/"},{"@type":"ListItem","position":5,"name":"Microfiber Shades by SIGVARIS"}]},{"@type":"WebSite","@id":"https:\/\/ameda.lv\/en\/#website","url":"https:\/\/ameda.lv\/en\/","name":"ameda.lv","description":"","potentialAction":[{"@type":"SearchAction","target":{"@type":"EntryPoint","urlTemplate":"https:\/\/ameda.lv\/en\/?s={search_term_string}"},"query-input":{"@type":"PropertyValueSpecification","valueRequired":true,"valueName":"search_term_string"}}],"inLanguage":"en-US"}]}},"_links":{"self":[{"href":"https:\/\/ameda.lv\/en\/wp-json\/wp\/v2\/product\/15268","targetHints":{"allow":["GET"]}}],"collection":[{"href":"https:\/\/ameda.lv\/en\/wp-json\/wp\/v2\/product"}],"about":[{"href":"https:\/\/ameda.lv\/en\/wp-json\/wp\/v2\/types\/product"}],"replies":[{"embeddable":true,"href":"https:\/\/ameda.lv\/en\/wp-json\/wp\/v2\/comments?post=15268"}],"wp:featuredmedia":[{"embeddable":true,"href":"https:\/\/ameda.lv\/en\/wp-json\/wp\/v2\/media\/14286"}],"wp:attachment":[{"href":"https:\/\/ameda.lv\/en\/wp-json\/wp\/v2\/media?parent=15268"}],"wp:term":[{"taxonomy":"product_brand","embeddable":true,"href":"https:\/\/ameda.lv\/en\/wp-json\/wp\/v2\/product_brand?post=15268"},{"taxonomy":"product_cat","embeddable":true,"href":"https:\/\/ameda.lv\/en\/wp-json\/wp\/v2\/product_cat?post=15268"},{"taxonomy":"product_tag","embeddable":true,"href":"https:\/\/ameda.lv\/en\/wp-json\/wp\/v2\/product_tag?post=15268"}],"curies":[{"name":"wp","href":"https:\/\/api.w.org\/{rel}","templated":true}]}}