 {"id":2025,"date":"2022-06-16T23:40:09","date_gmt":"2022-06-16T20:40:09","guid":{"rendered":"https:\/\/ameda.lv\/product\/ofa-grip-gloves-for-putting-compression-products-on\/"},"modified":"2025-12-14T12:56:45","modified_gmt":"2025-12-14T10:56:45","slug":"ofa-grip-gloves-for-putting-compression-products-on","status":"publish","type":"product","link":"https:\/\/ameda.lv\/en\/shop\/compression-products\/care-products\/ofa-grip-gloves-for-putting-compression-products-on\/","title":{"rendered":"OFA Grip &#8211; Gloves for putting compression products on"},"content":{"rendered":"<p>The gloves are designed to facilitate the process of putting the product on on and to protect the knitted fabric. They are made of a special material that allows the stocking to be easily slipped up the leg. Jewelry and long or uneven nails can damage the compression product, so in order to protect it we recommend using Ofa Grip special gloves. Different sizes available to ensure more convenient use.<\/p>\n<p>Contact us if you have any difficulties or are physically unable to reach the toe part, as other stocking aids are also available.<br \/>\nPhone: <a href=\"tel:27826780\">27826780<\/a><\/p>\n","protected":false},"excerpt":{"rendered":"<p>The gloves are designed to facilitate the process of putting the product on on and to protect the knitted fabric.<\/p>\n","protected":false},"featured_media":1194,"comment_status":"closed","ping_status":"closed","template":"","meta":{"_acf_changed":false},"product_brand":[],"product_cat":[284,510,512,286],"product_tag":[],"class_list":{"0":"post-2025","1":"product","2":"type-product","3":"status-publish","4":"has-post-thumbnail","6":"product_cat-compression-products","7":"product_cat-for-women","8":"product_cat-for-men","9":"product_cat-care-products","11":"first","12":"instock","13":"shipping-taxable","14":"purchasable","15":"product-type-variable"},"acf":[],"yoast_head":"<!-- This site is optimized with the Yoast SEO plugin v26.5 - https:\/\/yoast.com\/wordpress\/plugins\/seo\/ -->\n<title>OFA Grip - Gloves for putting compression products on - ameda.lv<\/title>\n<meta name=\"description\" content=\"The gloves are designed to facilitate the process of putting the product on on and to protect the knitted fabric. They are made of a special material that allows the stocking to be easily slipped up the leg.\" \/>\n<meta name=\"robots\" content=\"index, follow, max-snippet:-1, max-image-preview:large, max-video-preview:-1\" \/>\n<link rel=\"canonical\" href=\"https:\/\/ameda.lv\/en\/shop\/compression-products\/care-products\/ofa-grip-gloves-for-putting-compression-products-on\/\" \/>\n<meta name=\"twitter:card\" content=\"summary_large_image\" \/>\n<meta name=\"twitter:title\" content=\"OFA Grip - Gloves for putting compression products on - ameda.lv\" \/>\n<meta name=\"twitter:description\" content=\"The gloves are designed to facilitate the process of putting the product on on and to protect the knitted fabric. They are made of a special material that allows the stocking to be easily slipped up the leg.\" \/>\n<meta name=\"twitter:image\" content=\"https:\/\/ameda.lv\/wp-content\/uploads\/2022\/06\/ofa-grip-cimdi-4.jpg\" \/>\n<meta name=\"twitter:label1\" content=\"Est. reading time\" \/>\n\t<meta name=\"twitter:data1\" content=\"1 minute\" \/>\n<script type=\"application\/ld+json\" class=\"yoast-schema-graph\">{\"@context\":\"https:\/\/schema.org\",\"@graph\":[{\"@type\":\"WebPage\",\"@id\":\"https:\/\/ameda.lv\/en\/shop\/compression-products\/care-products\/ofa-grip-gloves-for-putting-compression-products-on\/\",\"url\":\"https:\/\/ameda.lv\/en\/shop\/compression-products\/care-products\/ofa-grip-gloves-for-putting-compression-products-on\/\",\"name\":\"OFA Grip - Gloves for putting compression products on - ameda.lv\",\"isPartOf\":{\"@id\":\"https:\/\/ameda.lv\/en\/#website\"},\"primaryImageOfPage\":{\"@id\":\"https:\/\/ameda.lv\/en\/shop\/compression-products\/care-products\/ofa-grip-gloves-for-putting-compression-products-on\/#primaryimage\"},\"image\":{\"@id\":\"https:\/\/ameda.lv\/en\/shop\/compression-products\/care-products\/ofa-grip-gloves-for-putting-compression-products-on\/#primaryimage\"},\"thumbnailUrl\":\"https:\/\/ameda.lv\/wp-content\/uploads\/2022\/06\/ofa-grip-cimdi-4.jpg\",\"datePublished\":\"2022-06-16T20:40:09+00:00\",\"dateModified\":\"2025-12-14T10:56:45+00:00\",\"description\":\"The gloves are designed to facilitate the process of putting the product on on and to protect the knitted fabric. They are made of a special material that allows the stocking to be easily slipped up the leg.\",\"breadcrumb\":{\"@id\":\"https:\/\/ameda.lv\/en\/shop\/compression-products\/care-products\/ofa-grip-gloves-for-putting-compression-products-on\/#breadcrumb\"},\"inLanguage\":\"en-US\",\"potentialAction\":[{\"@type\":\"ReadAction\",\"target\":[\"https:\/\/ameda.lv\/en\/shop\/compression-products\/care-products\/ofa-grip-gloves-for-putting-compression-products-on\/\"]}]},{\"@type\":\"ImageObject\",\"inLanguage\":\"en-US\",\"@id\":\"https:\/\/ameda.lv\/en\/shop\/compression-products\/care-products\/ofa-grip-gloves-for-putting-compression-products-on\/#primaryimage\",\"url\":\"https:\/\/ameda.lv\/wp-content\/uploads\/2022\/06\/ofa-grip-cimdi-4.jpg\",\"contentUrl\":\"https:\/\/ameda.lv\/wp-content\/uploads\/2022\/06\/ofa-grip-cimdi-4.jpg\",\"width\":1280,\"height\":1920,\"caption\":\"Ofa Grip, Cimdi kompresijas izstr\u0101d\u0101jumu uzvilk\u0161anai\"},{\"@type\":\"BreadcrumbList\",\"@id\":\"https:\/\/ameda.lv\/en\/shop\/compression-products\/care-products\/ofa-grip-gloves-for-putting-compression-products-on\/#breadcrumb\",\"itemListElement\":[{\"@type\":\"ListItem\",\"position\":1,\"name\":\"Home\",\"item\":\"https:\/\/ameda.lv\/en\/\"},{\"@type\":\"ListItem\",\"position\":2,\"name\":\"Shop\",\"item\":\"https:\/\/ameda.lv\/en\/shop\/\"},{\"@type\":\"ListItem\",\"position\":3,\"name\":\"Compression products\",\"item\":\"https:\/\/ameda.lv\/en\/products\/compression-products\/\"},{\"@type\":\"ListItem\",\"position\":4,\"name\":\"Care products\",\"item\":\"https:\/\/ameda.lv\/en\/products\/compression-products\/care-products\/\"},{\"@type\":\"ListItem\",\"position\":5,\"name\":\"OFA Grip &#8211; Gloves for putting compression products on\"}]},{\"@type\":\"WebSite\",\"@id\":\"https:\/\/ameda.lv\/en\/#website\",\"url\":\"https:\/\/ameda.lv\/en\/\",\"name\":\"ameda.lv\",\"description\":\"\",\"potentialAction\":[{\"@type\":\"SearchAction\",\"target\":{\"@type\":\"EntryPoint\",\"urlTemplate\":\"https:\/\/ameda.lv\/en\/?s={search_term_string}\"},\"query-input\":{\"@type\":\"PropertyValueSpecification\",\"valueRequired\":true,\"valueName\":\"search_term_string\"}}],\"inLanguage\":\"en-US\"}]}<\/script>\n<!-- \/ Yoast SEO plugin. -->","yoast_head_json":{"title":"OFA Grip - Gloves for putting compression products on - ameda.lv","description":"The gloves are designed to facilitate the process of putting the product on on and to protect the knitted fabric. They are made of a special material that allows the stocking to be easily slipped up the leg.","robots":{"index":"index","follow":"follow","max-snippet":"max-snippet:-1","max-image-preview":"max-image-preview:large","max-video-preview":"max-video-preview:-1"},"canonical":"https:\/\/ameda.lv\/en\/shop\/compression-products\/care-products\/ofa-grip-gloves-for-putting-compression-products-on\/","twitter_card":"summary_large_image","twitter_title":"OFA Grip - Gloves for putting compression products on - ameda.lv","twitter_description":"The gloves are designed to facilitate the process of putting the product on on and to protect the knitted fabric. They are made of a special material that allows the stocking to be easily slipped up the leg.","twitter_image":"https:\/\/ameda.lv\/wp-content\/uploads\/2022\/06\/ofa-grip-cimdi-4.jpg","twitter_misc":{"Est. reading time":"1 minute"},"schema":{"@context":"https:\/\/schema.org","@graph":[{"@type":"WebPage","@id":"https:\/\/ameda.lv\/en\/shop\/compression-products\/care-products\/ofa-grip-gloves-for-putting-compression-products-on\/","url":"https:\/\/ameda.lv\/en\/shop\/compression-products\/care-products\/ofa-grip-gloves-for-putting-compression-products-on\/","name":"OFA Grip - Gloves for putting compression products on - ameda.lv","isPartOf":{"@id":"https:\/\/ameda.lv\/en\/#website"},"primaryImageOfPage":{"@id":"https:\/\/ameda.lv\/en\/shop\/compression-products\/care-products\/ofa-grip-gloves-for-putting-compression-products-on\/#primaryimage"},"image":{"@id":"https:\/\/ameda.lv\/en\/shop\/compression-products\/care-products\/ofa-grip-gloves-for-putting-compression-products-on\/#primaryimage"},"thumbnailUrl":"https:\/\/ameda.lv\/wp-content\/uploads\/2022\/06\/ofa-grip-cimdi-4.jpg","datePublished":"2022-06-16T20:40:09+00:00","dateModified":"2025-12-14T10:56:45+00:00","description":"The gloves are designed to facilitate the process of putting the product on on and to protect the knitted fabric. They are made of a special material that allows the stocking to be easily slipped up the leg.","breadcrumb":{"@id":"https:\/\/ameda.lv\/en\/shop\/compression-products\/care-products\/ofa-grip-gloves-for-putting-compression-products-on\/#breadcrumb"},"inLanguage":"en-US","potentialAction":[{"@type":"ReadAction","target":["https:\/\/ameda.lv\/en\/shop\/compression-products\/care-products\/ofa-grip-gloves-for-putting-compression-products-on\/"]}]},{"@type":"ImageObject","inLanguage":"en-US","@id":"https:\/\/ameda.lv\/en\/shop\/compression-products\/care-products\/ofa-grip-gloves-for-putting-compression-products-on\/#primaryimage","url":"https:\/\/ameda.lv\/wp-content\/uploads\/2022\/06\/ofa-grip-cimdi-4.jpg","contentUrl":"https:\/\/ameda.lv\/wp-content\/uploads\/2022\/06\/ofa-grip-cimdi-4.jpg","width":1280,"height":1920,"caption":"Ofa Grip, Cimdi kompresijas izstr\u0101d\u0101jumu uzvilk\u0161anai"},{"@type":"BreadcrumbList","@id":"https:\/\/ameda.lv\/en\/shop\/compression-products\/care-products\/ofa-grip-gloves-for-putting-compression-products-on\/#breadcrumb","itemListElement":[{"@type":"ListItem","position":1,"name":"Home","item":"https:\/\/ameda.lv\/en\/"},{"@type":"ListItem","position":2,"name":"Shop","item":"https:\/\/ameda.lv\/en\/shop\/"},{"@type":"ListItem","position":3,"name":"Compression products","item":"https:\/\/ameda.lv\/en\/products\/compression-products\/"},{"@type":"ListItem","position":4,"name":"Care products","item":"https:\/\/ameda.lv\/en\/products\/compression-products\/care-products\/"},{"@type":"ListItem","position":5,"name":"OFA Grip &#8211; Gloves for putting compression products on"}]},{"@type":"WebSite","@id":"https:\/\/ameda.lv\/en\/#website","url":"https:\/\/ameda.lv\/en\/","name":"ameda.lv","description":"","potentialAction":[{"@type":"SearchAction","target":{"@type":"EntryPoint","urlTemplate":"https:\/\/ameda.lv\/en\/?s={search_term_string}"},"query-input":{"@type":"PropertyValueSpecification","valueRequired":true,"valueName":"search_term_string"}}],"inLanguage":"en-US"}]}},"_links":{"self":[{"href":"https:\/\/ameda.lv\/en\/wp-json\/wp\/v2\/product\/2025","targetHints":{"allow":["GET"]}}],"collection":[{"href":"https:\/\/ameda.lv\/en\/wp-json\/wp\/v2\/product"}],"about":[{"href":"https:\/\/ameda.lv\/en\/wp-json\/wp\/v2\/types\/product"}],"replies":[{"embeddable":true,"href":"https:\/\/ameda.lv\/en\/wp-json\/wp\/v2\/comments?post=2025"}],"wp:featuredmedia":[{"embeddable":true,"href":"https:\/\/ameda.lv\/en\/wp-json\/wp\/v2\/media\/1194"}],"wp:attachment":[{"href":"https:\/\/ameda.lv\/en\/wp-json\/wp\/v2\/media?parent=2025"}],"wp:term":[{"taxonomy":"product_brand","embeddable":true,"href":"https:\/\/ameda.lv\/en\/wp-json\/wp\/v2\/product_brand?post=2025"},{"taxonomy":"product_cat","embeddable":true,"href":"https:\/\/ameda.lv\/en\/wp-json\/wp\/v2\/product_cat?post=2025"},{"taxonomy":"product_tag","embeddable":true,"href":"https:\/\/ameda.lv\/en\/wp-json\/wp\/v2\/product_tag?post=2025"}],"curies":[{"name":"wp","href":"https:\/\/api.w.org\/{rel}","templated":true}]}}