 {"id":3264,"date":"2022-08-02T21:42:12","date_gmt":"2022-08-02T18:42:12","guid":{"rendered":"https:\/\/ameda.lv\/?post_type=product&#038;p=3264"},"modified":"2022-08-03T17:28:28","modified_gmt":"2022-08-03T14:28:28","slug":"remote-consultation","status":"publish","type":"product","link":"https:\/\/ameda.lv\/en\/shop\/consultations\/remote-consultation\/","title":{"rendered":"Remote consultation"},"content":{"rendered":"","protected":false},"excerpt":{"rendered":"<p>How remote consultation works<br \/>\nThe clinic provides remote consultation assistance on the following platforms:<\/p>\n<ol>\n<li>Video consultations via WhatsApp,<\/li>\n<li>Phone consultations.<\/li>\n<\/ol>\n<p>When you make an advance payment, the administration of the clinic will contact you and agree on the time of the remote consultation.<\/p>\n<p>When the time of the remote consultation scheduled for you arrives, the doctor of the clinic will contact you using the form of communication you have chosen, and a remote consultation will take place.<\/p>\n<p>When can I book a remote consultation?<br \/>\nA conversation with a doctor, during which answers to the most pressing questions will be received.<br \/>\nAssessment of the condition &#8211; acute or not.<br \/>\nIf not acute, home treatment plan.<br \/>\nHow to book a remote consultation<\/p>\n<ol>\n<li>Fill out the remote consultation registration form (below).<\/li>\n<li>Make an advance payment using a bank payment card.<\/li>\n<li>The clinic reception will contact you, offer a remote consultation time that is convenient for you and explain the course of the consultation.<\/li>\n<\/ol>\n<p>The duration of the consultation is 15 minutes<\/p>\n","protected":false},"featured_media":3767,"comment_status":"closed","ping_status":"closed","template":"","meta":{"_acf_changed":false},"product_brand":[],"product_cat":[481],"product_tag":[],"class_list":{"0":"post-3264","1":"product","2":"type-product","3":"status-publish","4":"has-post-thumbnail","6":"product_cat-consultations","8":"first","9":"instock","10":"shipping-taxable","11":"purchasable","12":"product-type-variable"},"acf":[],"yoast_head":"<!-- This site is optimized with the Yoast SEO plugin v26.5 - https:\/\/yoast.com\/wordpress\/plugins\/seo\/ -->\n<title>Remote consultation - ameda.lv<\/title>\n<meta name=\"robots\" content=\"index, follow, max-snippet:-1, max-image-preview:large, max-video-preview:-1\" \/>\n<link rel=\"canonical\" href=\"https:\/\/ameda.lv\/en\/shop\/consultations\/remote-consultation\/\" \/>\n<meta name=\"twitter:card\" content=\"summary_large_image\" \/>\n<meta name=\"twitter:title\" content=\"Remote consultation - ameda.lv\" \/>\n<meta name=\"twitter:description\" content=\"How remote consultation works The clinic provides remote consultation assistance on the following platforms:   Video consultations via WhatsApp,  Phone consultations.  When you make an advance payment, the administration of the clinic will contact you and agree on the time of the remote consultation.  When the time of the remote consultation scheduled for you arrives, the doctor of the clinic will contact you using the form of communication you have chosen, and a remote consultation will take place.  When can I book a remote consultation? A conversation with a doctor, during which answers to the most pressing questions will be received. Assessment of the condition - acute or not. If not acute, home treatment plan. How to book a remote consultation   Fill out the remote consultation registration form (below).  Make an advance payment using a bank payment card.  The clinic reception will contact you, offer a remote consultation time that is convenient for you and explain the course of the consultation.  The duration of the consultation is 15 minutes\" \/>\n<meta name=\"twitter:image\" content=\"https:\/\/ameda.lv\/wp-content\/uploads\/2022\/08\/frame-220.jpg\" \/>\n<script type=\"application\/ld+json\" class=\"yoast-schema-graph\">{\"@context\":\"https:\/\/schema.org\",\"@graph\":[{\"@type\":\"WebPage\",\"@id\":\"https:\/\/ameda.lv\/en\/shop\/consultations\/remote-consultation\/\",\"url\":\"https:\/\/ameda.lv\/en\/shop\/consultations\/remote-consultation\/\",\"name\":\"Remote consultation - ameda.lv\",\"isPartOf\":{\"@id\":\"https:\/\/ameda.lv\/en\/#website\"},\"primaryImageOfPage\":{\"@id\":\"https:\/\/ameda.lv\/en\/shop\/consultations\/remote-consultation\/#primaryimage\"},\"image\":{\"@id\":\"https:\/\/ameda.lv\/en\/shop\/consultations\/remote-consultation\/#primaryimage\"},\"thumbnailUrl\":\"https:\/\/ameda.lv\/wp-content\/uploads\/2022\/08\/frame-220.jpg\",\"datePublished\":\"2022-08-02T18:42:12+00:00\",\"dateModified\":\"2022-08-03T14:28:28+00:00\",\"breadcrumb\":{\"@id\":\"https:\/\/ameda.lv\/en\/shop\/consultations\/remote-consultation\/#breadcrumb\"},\"inLanguage\":\"en-US\",\"potentialAction\":[{\"@type\":\"ReadAction\",\"target\":[\"https:\/\/ameda.lv\/en\/shop\/consultations\/remote-consultation\/\"]}]},{\"@type\":\"ImageObject\",\"inLanguage\":\"en-US\",\"@id\":\"https:\/\/ameda.lv\/en\/shop\/consultations\/remote-consultation\/#primaryimage\",\"url\":\"https:\/\/ameda.lv\/wp-content\/uploads\/2022\/08\/frame-220.jpg\",\"contentUrl\":\"https:\/\/ameda.lv\/wp-content\/uploads\/2022\/08\/frame-220.jpg\",\"width\":1050,\"height\":1050,\"caption\":\"Konsult\u0113 Dr.Med. Uldis Mauri\u0146\u0161\"},{\"@type\":\"BreadcrumbList\",\"@id\":\"https:\/\/ameda.lv\/en\/shop\/consultations\/remote-consultation\/#breadcrumb\",\"itemListElement\":[{\"@type\":\"ListItem\",\"position\":1,\"name\":\"Home\",\"item\":\"https:\/\/ameda.lv\/en\/\"},{\"@type\":\"ListItem\",\"position\":2,\"name\":\"Shop\",\"item\":\"https:\/\/ameda.lv\/en\/shop\/\"},{\"@type\":\"ListItem\",\"position\":3,\"name\":\"Consultations\",\"item\":\"https:\/\/ameda.lv\/en\/products\/consultations\/\"},{\"@type\":\"ListItem\",\"position\":4,\"name\":\"Remote consultation\"}]},{\"@type\":\"WebSite\",\"@id\":\"https:\/\/ameda.lv\/en\/#website\",\"url\":\"https:\/\/ameda.lv\/en\/\",\"name\":\"ameda.lv\",\"description\":\"\",\"potentialAction\":[{\"@type\":\"SearchAction\",\"target\":{\"@type\":\"EntryPoint\",\"urlTemplate\":\"https:\/\/ameda.lv\/en\/?s={search_term_string}\"},\"query-input\":{\"@type\":\"PropertyValueSpecification\",\"valueRequired\":true,\"valueName\":\"search_term_string\"}}],\"inLanguage\":\"en-US\"}]}<\/script>\n<!-- \/ Yoast SEO plugin. -->","yoast_head_json":{"title":"Remote consultation - ameda.lv","robots":{"index":"index","follow":"follow","max-snippet":"max-snippet:-1","max-image-preview":"max-image-preview:large","max-video-preview":"max-video-preview:-1"},"canonical":"https:\/\/ameda.lv\/en\/shop\/consultations\/remote-consultation\/","twitter_card":"summary_large_image","twitter_title":"Remote consultation - ameda.lv","twitter_description":"How remote consultation works The clinic provides remote consultation assistance on the following platforms:   Video consultations via WhatsApp,  Phone consultations.  When you make an advance payment, the administration of the clinic will contact you and agree on the time of the remote consultation.  When the time of the remote consultation scheduled for you arrives, the doctor of the clinic will contact you using the form of communication you have chosen, and a remote consultation will take place.  When can I book a remote consultation? A conversation with a doctor, during which answers to the most pressing questions will be received. Assessment of the condition - acute or not. If not acute, home treatment plan. How to book a remote consultation   Fill out the remote consultation registration form (below).  Make an advance payment using a bank payment card.  The clinic reception will contact you, offer a remote consultation time that is convenient for you and explain the course of the consultation.  The duration of the consultation is 15 minutes","twitter_image":"https:\/\/ameda.lv\/wp-content\/uploads\/2022\/08\/frame-220.jpg","schema":{"@context":"https:\/\/schema.org","@graph":[{"@type":"WebPage","@id":"https:\/\/ameda.lv\/en\/shop\/consultations\/remote-consultation\/","url":"https:\/\/ameda.lv\/en\/shop\/consultations\/remote-consultation\/","name":"Remote consultation - ameda.lv","isPartOf":{"@id":"https:\/\/ameda.lv\/en\/#website"},"primaryImageOfPage":{"@id":"https:\/\/ameda.lv\/en\/shop\/consultations\/remote-consultation\/#primaryimage"},"image":{"@id":"https:\/\/ameda.lv\/en\/shop\/consultations\/remote-consultation\/#primaryimage"},"thumbnailUrl":"https:\/\/ameda.lv\/wp-content\/uploads\/2022\/08\/frame-220.jpg","datePublished":"2022-08-02T18:42:12+00:00","dateModified":"2022-08-03T14:28:28+00:00","breadcrumb":{"@id":"https:\/\/ameda.lv\/en\/shop\/consultations\/remote-consultation\/#breadcrumb"},"inLanguage":"en-US","potentialAction":[{"@type":"ReadAction","target":["https:\/\/ameda.lv\/en\/shop\/consultations\/remote-consultation\/"]}]},{"@type":"ImageObject","inLanguage":"en-US","@id":"https:\/\/ameda.lv\/en\/shop\/consultations\/remote-consultation\/#primaryimage","url":"https:\/\/ameda.lv\/wp-content\/uploads\/2022\/08\/frame-220.jpg","contentUrl":"https:\/\/ameda.lv\/wp-content\/uploads\/2022\/08\/frame-220.jpg","width":1050,"height":1050,"caption":"Konsult\u0113 Dr.Med. Uldis Mauri\u0146\u0161"},{"@type":"BreadcrumbList","@id":"https:\/\/ameda.lv\/en\/shop\/consultations\/remote-consultation\/#breadcrumb","itemListElement":[{"@type":"ListItem","position":1,"name":"Home","item":"https:\/\/ameda.lv\/en\/"},{"@type":"ListItem","position":2,"name":"Shop","item":"https:\/\/ameda.lv\/en\/shop\/"},{"@type":"ListItem","position":3,"name":"Consultations","item":"https:\/\/ameda.lv\/en\/products\/consultations\/"},{"@type":"ListItem","position":4,"name":"Remote consultation"}]},{"@type":"WebSite","@id":"https:\/\/ameda.lv\/en\/#website","url":"https:\/\/ameda.lv\/en\/","name":"ameda.lv","description":"","potentialAction":[{"@type":"SearchAction","target":{"@type":"EntryPoint","urlTemplate":"https:\/\/ameda.lv\/en\/?s={search_term_string}"},"query-input":{"@type":"PropertyValueSpecification","valueRequired":true,"valueName":"search_term_string"}}],"inLanguage":"en-US"}]}},"_links":{"self":[{"href":"https:\/\/ameda.lv\/en\/wp-json\/wp\/v2\/product\/3264","targetHints":{"allow":["GET"]}}],"collection":[{"href":"https:\/\/ameda.lv\/en\/wp-json\/wp\/v2\/product"}],"about":[{"href":"https:\/\/ameda.lv\/en\/wp-json\/wp\/v2\/types\/product"}],"replies":[{"embeddable":true,"href":"https:\/\/ameda.lv\/en\/wp-json\/wp\/v2\/comments?post=3264"}],"wp:featuredmedia":[{"embeddable":true,"href":"https:\/\/ameda.lv\/en\/wp-json\/wp\/v2\/media\/3767"}],"wp:attachment":[{"href":"https:\/\/ameda.lv\/en\/wp-json\/wp\/v2\/media?parent=3264"}],"wp:term":[{"taxonomy":"product_brand","embeddable":true,"href":"https:\/\/ameda.lv\/en\/wp-json\/wp\/v2\/product_brand?post=3264"},{"taxonomy":"product_cat","embeddable":true,"href":"https:\/\/ameda.lv\/en\/wp-json\/wp\/v2\/product_cat?post=3264"},{"taxonomy":"product_tag","embeddable":true,"href":"https:\/\/ameda.lv\/en\/wp-json\/wp\/v2\/product_tag?post=3264"}],"curies":[{"name":"wp","href":"https:\/\/api.w.org\/{rel}","templated":true}]}}