 {"id":1921,"date":"2022-07-08T14:23:00","date_gmt":"2022-07-08T11:23:00","guid":{"rendered":"https:\/\/ameda.lv\/?post_type=product&#038;p=1921"},"modified":"2023-09-06T14:53:47","modified_gmt":"2023-09-06T11:53:47","slug":"davanu-karte-50-e","status":"publish","type":"product","link":"https:\/\/ameda.lv\/ru\/magazin\/podarochnye-karty\/davanu-karte-50-e\/","title":{"rendered":"D\u0101vanu karte 50 \u20ac"},"content":{"rendered":"<p><strong>Dr. Mauri\u0146a kl\u012bnika ir viena no Eirop\u0101 modern\u0101kaj\u0101m l\u0101zermedic\u012bnas kl\u012bnik\u0101m. Katru gadu m\u016bs apmekl\u0113 t\u016bksto\u0161iem pacientu, kuriem veicam est\u0113tikas un dermatolo\u0123ijas proced\u016bras, \u0101rst\u0113jam v\u0113nu, proktolo\u0123iskas, ginekolo\u0123iskas un citas saslim\u0161anas.<\/strong><br \/>\n<strong>Pied\u0101v\u0101jam ieg\u0101d\u0101ties e-D\u0101vanu karti, kuru var\u0113siet izmantot visiem pakalpojumiem un pre\u010du pirkumiem m\u016bsu kl\u012bnik\u0101s. e-D\u0101vanu karti nevar izmantot interneta veikal\u0101 <a class=\"PrimaryLink BaseLink\" href=\"https:\/\/www.ameda.lv\/\" target=\"_blank\" rel=\"noreferrer noopener\">www.ameda.lv<\/a>.<\/strong><\/p>\n<p><strong>P\u0113c d\u0101vanu kartes ieg\u0101des J\u016bs to sa\u0146emsiet sav\u0101 epast\u0101 elektroniski. Izdruk\u0101jiet to un \u0146emiet l\u012bdzi uz k\u0101du no m\u016bsu kl\u012bnik\u0101m.<\/strong><br \/>\n<strong>Apmaksa veicama tie\u0161saist\u0113 ar bankas nor\u0113\u0137inu karti. Dro\u0161us nor\u0113\u0137inus nodro\u0161ina SEB Banka.<\/strong><\/p>\n<p>D\u0101vanu kartes lieto\u0161anas noteikumi:<\/p>\n<ul>\n<li>D\u0101vanu kartes der\u012bguma termi\u0146\u0161 \u2013 6 m\u0113ne\u0161i no kartes aktiviz\u0101cijas br\u012b\u017ea;<\/li>\n<li>D\u0101vanu karte tiek aktiviz\u0113ta 14 dienas p\u0113c t\u0101s ieg\u0101des;<\/li>\n<li>D\u0101vanu kartes v\u0113rt\u012bba j\u0101izmanto konkr\u0113taj\u0101 der\u012bguma termi\u0146\u0101;<\/li>\n<li>D\u0101vanu kartes dro\u0161\u012bbu nodro\u0161ina uz tiem eso\u0161ais unik\u0101lais numurs, ko sist\u0113ma \u0123ener\u0113 autom\u0101tiski;<\/li>\n<li>D\u0101vanu karte netiek main\u012bta pret naudu;<\/li>\n<li>D\u0101vanu kartes summa ir j\u0101izmanto vien\u0101 pirkuma reiz\u0113;<\/li>\n<li>D\u0101vanu kartes neizmantot\u0101s naudas summas atlikums netiek atmaks\u0101ts.<\/li>\n<\/ul>\n","protected":false},"excerpt":{"rendered":"<p>Dr. Mauri\u0146a v\u0113nu un l\u0101zermedic\u012bnas kl\u012bnikas d\u0101vanu karte<\/p>\n","protected":false},"featured_media":1922,"comment_status":"open","ping_status":"closed","template":"","meta":{"_acf_changed":false},"product_brand":[],"product_cat":[398],"product_tag":[],"class_list":{"0":"post-1921","1":"product","2":"type-product","3":"status-publish","4":"has-post-thumbnail","6":"product_cat-davanu-kartes","8":"first","9":"outofstock","10":"downloadable","11":"virtual","12":"purchasable","13":"product-type-simple"},"acf":[],"yoast_head":"<!-- This site is optimized with the Yoast SEO plugin v26.5 - https:\/\/yoast.com\/wordpress\/plugins\/seo\/ -->\n<title>D\u0101vanu karte 50 \u20ac - ameda.lv<\/title>\n<meta name=\"robots\" content=\"index, follow, max-snippet:-1, max-image-preview:large, max-video-preview:-1\" \/>\n<link rel=\"canonical\" href=\"https:\/\/ameda.lv\/ru\/magazin\/podarochnye-karty\/davanu-karte-50-e\/\" \/>\n<meta name=\"twitter:card\" content=\"summary_large_image\" \/>\n<meta name=\"twitter:title\" content=\"D\u0101vanu karte 50 \u20ac - ameda.lv\" \/>\n<meta name=\"twitter:description\" content=\"Dr. Mauri\u0146a v\u0113nu un l\u0101zermedic\u012bnas kl\u012bnikas d\u0101vanu karte\" \/>\n<meta name=\"twitter:image\" content=\"https:\/\/ameda.lv\/wp-content\/uploads\/2022\/07\/davanu-karte-50-2x.jpg\" \/>\n<meta name=\"twitter:label1\" content=\"Est. reading time\" \/>\n\t<meta name=\"twitter:data1\" content=\"1 minute\" \/>\n<script type=\"application\/ld+json\" class=\"yoast-schema-graph\">{\"@context\":\"https:\/\/schema.org\",\"@graph\":[{\"@type\":\"WebPage\",\"@id\":\"https:\/\/ameda.lv\/ru\/magazin\/podarochnye-karty\/davanu-karte-50-e\/\",\"url\":\"https:\/\/ameda.lv\/ru\/magazin\/podarochnye-karty\/davanu-karte-50-e\/\",\"name\":\"D\u0101vanu karte 50 \u20ac - ameda.lv\",\"isPartOf\":{\"@id\":\"https:\/\/ameda.lv\/ru\/#website\"},\"primaryImageOfPage\":{\"@id\":\"https:\/\/ameda.lv\/ru\/magazin\/podarochnye-karty\/davanu-karte-50-e\/#primaryimage\"},\"image\":{\"@id\":\"https:\/\/ameda.lv\/ru\/magazin\/podarochnye-karty\/davanu-karte-50-e\/#primaryimage\"},\"thumbnailUrl\":\"https:\/\/ameda.lv\/wp-content\/uploads\/2022\/07\/davanu-karte-50-2x.jpg\",\"datePublished\":\"2022-07-08T11:23:00+00:00\",\"dateModified\":\"2023-09-06T11:53:47+00:00\",\"breadcrumb\":{\"@id\":\"https:\/\/ameda.lv\/ru\/magazin\/podarochnye-karty\/davanu-karte-50-e\/#breadcrumb\"},\"inLanguage\":\"ru-RU\",\"potentialAction\":[{\"@type\":\"ReadAction\",\"target\":[\"https:\/\/ameda.lv\/ru\/magazin\/podarochnye-karty\/davanu-karte-50-e\/\"]}]},{\"@type\":\"ImageObject\",\"inLanguage\":\"ru-RU\",\"@id\":\"https:\/\/ameda.lv\/ru\/magazin\/podarochnye-karty\/davanu-karte-50-e\/#primaryimage\",\"url\":\"https:\/\/ameda.lv\/wp-content\/uploads\/2022\/07\/davanu-karte-50-2x.jpg\",\"contentUrl\":\"https:\/\/ameda.lv\/wp-content\/uploads\/2022\/07\/davanu-karte-50-2x.jpg\",\"width\":1080,\"height\":1080},{\"@type\":\"BreadcrumbList\",\"@id\":\"https:\/\/ameda.lv\/ru\/magazin\/podarochnye-karty\/davanu-karte-50-e\/#breadcrumb\",\"itemListElement\":[{\"@type\":\"ListItem\",\"position\":1,\"name\":\"\u041d\u0430\u0447\u0430\u043b\u043e\",\"item\":\"https:\/\/ameda.lv\/ru\/\"},{\"@type\":\"ListItem\",\"position\":2,\"name\":\"\u041c\u0430\u0433\u0430\u0437\u0438\u043d\",\"item\":\"https:\/\/ameda.lv\/ru\/magazin\/\"},{\"@type\":\"ListItem\",\"position\":3,\"name\":\"\u041f\u043e\u0434\u0430\u0440\u043e\u0447\u043d\u044b\u0435 \u043a\u0430\u0440\u0442\u044b\",\"item\":\"https:\/\/ameda.lv\/ru\/produkty\/podarochnye-karty\/\"},{\"@type\":\"ListItem\",\"position\":4,\"name\":\"D\u0101vanu karte 50 \u20ac\"}]},{\"@type\":\"WebSite\",\"@id\":\"https:\/\/ameda.lv\/ru\/#website\",\"url\":\"https:\/\/ameda.lv\/ru\/\",\"name\":\"ameda.lv\",\"description\":\"\",\"potentialAction\":[{\"@type\":\"SearchAction\",\"target\":{\"@type\":\"EntryPoint\",\"urlTemplate\":\"https:\/\/ameda.lv\/ru\/?s={search_term_string}\"},\"query-input\":{\"@type\":\"PropertyValueSpecification\",\"valueRequired\":true,\"valueName\":\"search_term_string\"}}],\"inLanguage\":\"ru-RU\"}]}<\/script>\n<!-- \/ Yoast SEO plugin. -->","yoast_head_json":{"title":"D\u0101vanu karte 50 \u20ac - ameda.lv","robots":{"index":"index","follow":"follow","max-snippet":"max-snippet:-1","max-image-preview":"max-image-preview:large","max-video-preview":"max-video-preview:-1"},"canonical":"https:\/\/ameda.lv\/ru\/magazin\/podarochnye-karty\/davanu-karte-50-e\/","twitter_card":"summary_large_image","twitter_title":"D\u0101vanu karte 50 \u20ac - ameda.lv","twitter_description":"Dr. Mauri\u0146a v\u0113nu un l\u0101zermedic\u012bnas kl\u012bnikas d\u0101vanu karte","twitter_image":"https:\/\/ameda.lv\/wp-content\/uploads\/2022\/07\/davanu-karte-50-2x.jpg","twitter_misc":{"Est. reading time":"1 minute"},"schema":{"@context":"https:\/\/schema.org","@graph":[{"@type":"WebPage","@id":"https:\/\/ameda.lv\/ru\/magazin\/podarochnye-karty\/davanu-karte-50-e\/","url":"https:\/\/ameda.lv\/ru\/magazin\/podarochnye-karty\/davanu-karte-50-e\/","name":"D\u0101vanu karte 50 \u20ac - ameda.lv","isPartOf":{"@id":"https:\/\/ameda.lv\/ru\/#website"},"primaryImageOfPage":{"@id":"https:\/\/ameda.lv\/ru\/magazin\/podarochnye-karty\/davanu-karte-50-e\/#primaryimage"},"image":{"@id":"https:\/\/ameda.lv\/ru\/magazin\/podarochnye-karty\/davanu-karte-50-e\/#primaryimage"},"thumbnailUrl":"https:\/\/ameda.lv\/wp-content\/uploads\/2022\/07\/davanu-karte-50-2x.jpg","datePublished":"2022-07-08T11:23:00+00:00","dateModified":"2023-09-06T11:53:47+00:00","breadcrumb":{"@id":"https:\/\/ameda.lv\/ru\/magazin\/podarochnye-karty\/davanu-karte-50-e\/#breadcrumb"},"inLanguage":"ru-RU","potentialAction":[{"@type":"ReadAction","target":["https:\/\/ameda.lv\/ru\/magazin\/podarochnye-karty\/davanu-karte-50-e\/"]}]},{"@type":"ImageObject","inLanguage":"ru-RU","@id":"https:\/\/ameda.lv\/ru\/magazin\/podarochnye-karty\/davanu-karte-50-e\/#primaryimage","url":"https:\/\/ameda.lv\/wp-content\/uploads\/2022\/07\/davanu-karte-50-2x.jpg","contentUrl":"https:\/\/ameda.lv\/wp-content\/uploads\/2022\/07\/davanu-karte-50-2x.jpg","width":1080,"height":1080},{"@type":"BreadcrumbList","@id":"https:\/\/ameda.lv\/ru\/magazin\/podarochnye-karty\/davanu-karte-50-e\/#breadcrumb","itemListElement":[{"@type":"ListItem","position":1,"name":"\u041d\u0430\u0447\u0430\u043b\u043e","item":"https:\/\/ameda.lv\/ru\/"},{"@type":"ListItem","position":2,"name":"\u041c\u0430\u0433\u0430\u0437\u0438\u043d","item":"https:\/\/ameda.lv\/ru\/magazin\/"},{"@type":"ListItem","position":3,"name":"\u041f\u043e\u0434\u0430\u0440\u043e\u0447\u043d\u044b\u0435 \u043a\u0430\u0440\u0442\u044b","item":"https:\/\/ameda.lv\/ru\/produkty\/podarochnye-karty\/"},{"@type":"ListItem","position":4,"name":"D\u0101vanu karte 50 \u20ac"}]},{"@type":"WebSite","@id":"https:\/\/ameda.lv\/ru\/#website","url":"https:\/\/ameda.lv\/ru\/","name":"ameda.lv","description":"","potentialAction":[{"@type":"SearchAction","target":{"@type":"EntryPoint","urlTemplate":"https:\/\/ameda.lv\/ru\/?s={search_term_string}"},"query-input":{"@type":"PropertyValueSpecification","valueRequired":true,"valueName":"search_term_string"}}],"inLanguage":"ru-RU"}]}},"_links":{"self":[{"href":"https:\/\/ameda.lv\/ru\/wp-json\/wp\/v2\/product\/1921","targetHints":{"allow":["GET"]}}],"collection":[{"href":"https:\/\/ameda.lv\/ru\/wp-json\/wp\/v2\/product"}],"about":[{"href":"https:\/\/ameda.lv\/ru\/wp-json\/wp\/v2\/types\/product"}],"replies":[{"embeddable":true,"href":"https:\/\/ameda.lv\/ru\/wp-json\/wp\/v2\/comments?post=1921"}],"wp:featuredmedia":[{"embeddable":true,"href":"https:\/\/ameda.lv\/ru\/wp-json\/wp\/v2\/media\/1922"}],"wp:attachment":[{"href":"https:\/\/ameda.lv\/ru\/wp-json\/wp\/v2\/media?parent=1921"}],"wp:term":[{"taxonomy":"product_brand","embeddable":true,"href":"https:\/\/ameda.lv\/ru\/wp-json\/wp\/v2\/product_brand?post=1921"},{"taxonomy":"product_cat","embeddable":true,"href":"https:\/\/ameda.lv\/ru\/wp-json\/wp\/v2\/product_cat?post=1921"},{"taxonomy":"product_tag","embeddable":true,"href":"https:\/\/ameda.lv\/ru\/wp-json\/wp\/v2\/product_tag?post=1921"}],"curies":[{"name":"wp","href":"https:\/\/api.w.org\/{rel}","templated":true}]}}